{"id":19,"date":"2018-10-07T12:59:49","date_gmt":"2018-10-07T12:59:49","guid":{"rendered":"http:\/\/tanzfreiheit.de\/?page_id=19"},"modified":"2023-01-01T12:15:41","modified_gmt":"2023-01-01T12:15:41","slug":"startseite","status":"publish","type":"page","link":"http:\/\/tanzfreiheit.de\/","title":{"rendered":"Willkommen"},"content":{"rendered":"<p><span style=\"color: #ff0000;\"><span style=\"caret-color: #ff0000;\">Wir tanzen wieder! N\u00e4heres \u00fcber Termine &amp; Angebote.<\/span><\/span><\/p>\n<p>Du kennst bereits die befreiende Kraft des Tanzes?<br \/>\nDu hast den Wunsch nach mehr Tanz-Freiheit?<\/p>\n<p>In einem gesch\u00fctzten, achtsamen Rahmen leite ich Dich in deinen ganz eigenen Tanz. Du begibst dich auf eine Reise in deinen K\u00f6rper, atmest bewusst und st\u00e4rkst die Verbindung zu Dir.<\/p>\n<p>Fern von Bewertung und Leistungsdruck, in deiner Zeit findest Du in deinen ganz eigenen Tanz. Du tanzst Dich Selbst. Bringst zum Ausdruck was dich innerlich bewegt und ber\u00fchrt. Sp\u00fcrst Deine ureigene Lebenskraft.<\/p>\n<p>F\u00fcr M\u00e4nner und Frauen im achtsamen Umgang miteinander.<br \/>\nKeine Vorkenntnisse erforderlich. Jeder Mensch kann tanzen.<\/p>\n<p><a href=\"http:\/\/tanzfreiheit.de\/?page_id=21\">Termine &amp; Angebote<\/a><\/p>\n<p>Du hast noch Fragen oder m\u00f6chtest dich anmelden?<br \/>\nIch freue mich auf den <a href=\"http:\/\/tanzfreiheit.de\/?page_id=50\">Kontakt<\/a> mit Dir!<\/p>\n<p>Silke B\u00fcttner<\/p>\n","protected":false},"excerpt":{"rendered":"<p>Wir tanzen wieder! N\u00e4heres \u00fcber Termine &amp; Angebote. Du kennst bereits die befreiende Kraft des Tanzes? Du hast den Wunsch nach mehr Tanz-Freiheit? In einem gesch\u00fctzten, achtsamen Rahmen leite ich Dich in deinen ganz eigenen Tanz. Du begibst dich auf eine Reise in deinen K\u00f6rper, atmest bewusst und st\u00e4rkst die Verbindung zu Dir. Fern von &hellip; <\/p>\n<p class=\"link-more\"><a href=\"http:\/\/tanzfreiheit.de\/\" class=\"more-link\"><span class=\"screen-reader-text\">\u201eWillkommen\u201c <\/span>weiterlesen<\/a><\/p>\n","protected":false},"author":1,"featured_media":0,"parent":0,"menu_order":0,"comment_status":"closed","ping_status":"closed","template":"","meta":{"footnotes":""},"class_list":["post-19","page","type-page","status-publish","hentry"],"_links":{"self":[{"href":"http:\/\/tanzfreiheit.de\/index.php?rest_route=\/wp\/v2\/pages\/19","targetHints":{"allow":["GET"]}}],"collection":[{"href":"http:\/\/tanzfreiheit.de\/index.php?rest_route=\/wp\/v2\/pages"}],"about":[{"href":"http:\/\/tanzfreiheit.de\/index.php?rest_route=\/wp\/v2\/types\/page"}],"author":[{"embeddable":true,"href":"http:\/\/tanzfreiheit.de\/index.php?rest_route=\/wp\/v2\/users\/1"}],"replies":[{"embeddable":true,"href":"http:\/\/tanzfreiheit.de\/index.php?rest_route=%2Fwp%2Fv2%2Fcomments&post=19"}],"version-history":[{"count":11,"href":"http:\/\/tanzfreiheit.de\/index.php?rest_route=\/wp\/v2\/pages\/19\/revisions"}],"predecessor-version":[{"id":330,"href":"http:\/\/tanzfreiheit.de\/index.php?rest_route=\/wp\/v2\/pages\/19\/revisions\/330"}],"wp:attachment":[{"href":"http:\/\/tanzfreiheit.de\/index.php?rest_route=%2Fwp%2Fv2%2Fmedia&parent=19"}],"curies":[{"name":"wp","href":"https:\/\/api.w.org\/{rel}","templated":true}]}}