{"id":37,"date":"2018-10-07T12:40:09","date_gmt":"2018-10-07T12:40:09","guid":{"rendered":"http:\/\/tanzfreiheit.de\/?page_id=37"},"modified":"2024-12-28T11:27:56","modified_gmt":"2024-12-28T11:27:56","slug":"ueber-mich","status":"publish","type":"page","link":"http:\/\/tanzfreiheit.de\/?page_id=37","title":{"rendered":"\u00dcber mich"},"content":{"rendered":"<p>Mein Weg zum freien Tanz<\/p>\n\n\n<figure class=\"wp-block-gallery alignright has-nested-images columns-default is-cropped wp-block-gallery-1 is-layout-flex wp-block-gallery-is-layout-flex\">\n<figure class=\"wp-block-image\"><img loading=\"lazy\" decoding=\"async\" width=\"646\" height=\"1024\" data-id=\"64\" src=\"http:\/\/tanzfreiheit.de\/wp-content\/uploads\/2018\/10\/Silke-646x1024.jpg\" alt=\"\" class=\"wp-image-64\" srcset=\"http:\/\/tanzfreiheit.de\/wp-content\/uploads\/2018\/10\/Silke-646x1024.jpg 646w, http:\/\/tanzfreiheit.de\/wp-content\/uploads\/2018\/10\/Silke-189x300.jpg 189w, http:\/\/tanzfreiheit.de\/wp-content\/uploads\/2018\/10\/Silke-768x1217.jpg 768w, http:\/\/tanzfreiheit.de\/wp-content\/uploads\/2018\/10\/Silke.jpg 932w\" sizes=\"auto, (max-width: 646px) 100vw, 646px\" \/><\/figure>\n<\/figure>\n\n\n\n<p>Tanzen faszinierte mich schon seit meiner Kindheit. Lange Jahre habe ich mich in der Dynamik des Gruppentanzes sehr zu Hause gef\u00fchlt. Jazztanz mit Tunieren, Flamenco, indischer Tanz, orientalischer Tanz, Zumba&#8230;vieles sagte mir zu.<\/p>\n\n\n\n<p>W\u00e4hrend meiner Ausbildung zur Tanztherapeutin konnte ich die Erfahrung machen, dass der freie Tanz mir eine besondere M\u00f6glichkeit bietet mit meinem K\u00f6rperbewusstsein in Kontakt zu kommen.<br><br><\/p>\n\n\n\n<p>Der Freie Tanz &#8211; ein Tanz der nur mir entspricht. Nur aus mir entsteht. Bei dem es keine vorgegebene Schritte oder Rhytmen gibt. Bei dem es nicht darum geht, dazu zu geh\u00f6ren, zu gefallen oder etwas richtig zu machen. Sondern einfach mein Sein zum Ausdruck zu bringen. Mit allem was da ist, was Ausdruck finden m\u00f6chte. Freiwillig, in seiner Zeit und auf seine ganz eigene, individuelle Weise. <\/p>\n\n\n\n<p>Der Freitanz ist f\u00fcr mich ein gro\u00dfartiges Geschenk. Ein Weg Authentizit\u00e4t zu leben.<br><\/p>\n\n\n\n<p>Seit 2012 folge ich diesem Weg. Ich absolvierte 2014 die Ausbildung zur kreativen Tanz und Ausdruckstherapeutin (im Tanztherapiezentrum Wendpunkt bei Clara &amp; Rico Lang). Erweitert durch die Aufbauausbildung. Und besuchte mehrere Weiterbildungen bei Martin Schulmeister &#8222;K\u00f6rpertherapie auf den Punkt gebracht&#8220;. Seit dieser Zeit tanze ich mit Menschen. Schaffe den Raum f\u00fcr Ihren Tanz. Unterst\u00fctze, begleite und ermutige Sie ihren ganz eigenen Ausdruck zu finden. Erwachsenen wie auch Kindern. Und es erf\u00fcllt mein Herz.<br><br><\/p>\n","protected":false},"excerpt":{"rendered":"<p>Mein Weg zum freien Tanz Tanzen faszinierte mich schon seit meiner Kindheit. Lange Jahre habe ich mich in der Dynamik des Gruppentanzes sehr zu Hause gef\u00fchlt. Jazztanz mit Tunieren, Flamenco, indischer Tanz, orientalischer Tanz, Zumba&#8230;vieles sagte mir zu. W\u00e4hrend meiner Ausbildung zur Tanztherapeutin konnte ich die Erfahrung machen, dass der freie Tanz mir eine besondere &hellip; <\/p>\n<p class=\"link-more\"><a href=\"http:\/\/tanzfreiheit.de\/?page_id=37\" class=\"more-link\"><span class=\"screen-reader-text\">\u201e\u00dcber mich\u201c <\/span>weiterlesen<\/a><\/p>\n","protected":false},"author":1,"featured_media":0,"parent":0,"menu_order":0,"comment_status":"closed","ping_status":"closed","template":"","meta":{"footnotes":""},"class_list":["post-37","page","type-page","status-publish","hentry"],"_links":{"self":[{"href":"http:\/\/tanzfreiheit.de\/index.php?rest_route=\/wp\/v2\/pages\/37","targetHints":{"allow":["GET"]}}],"collection":[{"href":"http:\/\/tanzfreiheit.de\/index.php?rest_route=\/wp\/v2\/pages"}],"about":[{"href":"http:\/\/tanzfreiheit.de\/index.php?rest_route=\/wp\/v2\/types\/page"}],"author":[{"embeddable":true,"href":"http:\/\/tanzfreiheit.de\/index.php?rest_route=\/wp\/v2\/users\/1"}],"replies":[{"embeddable":true,"href":"http:\/\/tanzfreiheit.de\/index.php?rest_route=%2Fwp%2Fv2%2Fcomments&post=37"}],"version-history":[{"count":8,"href":"http:\/\/tanzfreiheit.de\/index.php?rest_route=\/wp\/v2\/pages\/37\/revisions"}],"predecessor-version":[{"id":379,"href":"http:\/\/tanzfreiheit.de\/index.php?rest_route=\/wp\/v2\/pages\/37\/revisions\/379"}],"wp:attachment":[{"href":"http:\/\/tanzfreiheit.de\/index.php?rest_route=%2Fwp%2Fv2%2Fmedia&parent=37"}],"curies":[{"name":"wp","href":"https:\/\/api.w.org\/{rel}","templated":true}]}}